{"id":1410,"date":"2019-03-25T18:10:46","date_gmt":"2019-03-25T17:10:46","guid":{"rendered":"http:\/\/www.bocadosdecine.com\/?page_id=1410"},"modified":"2021-01-26T10:37:37","modified_gmt":"2021-01-26T09:37:37","slug":"en-que-consiste","status":"publish","type":"page","link":"https:\/\/bocadosdecine.webs.upv.es\/val\/en-que-consiste\/","title":{"rendered":"Jornades sobre cinema i gastronomia del Campus de Gandia Universitat Polit\u00e8cnica de Val\u00e8ncia"},"content":{"rendered":"<p><strong>Bocados de Cine<\/strong> s\u00f3n unes jornades en les quals el cinema i la gastronomia van de la m\u00e0 per a oferir un complet programa de projeccions cinematogr\u00e0fiques, debats, i degustacions. Estan organitzades pel <a href=\"http:\/\/www.upv.es\/contenidos\/CGANDIA\/index-va.html\"><strong>Campus de Gandia de la UPV<\/strong><\/a> i <a href=\"http:\/\/www.diezydiezcomunicacion.com\/\"><strong>Diez y Diez Comunicaci\u00f3n<\/strong><\/a> i compten amb la col\u00b7laboraci\u00f3 de la <strong>C\u00e0tedra Gandia Turisme Intel\u00b7ligent<\/strong>, l&#8217;<a href=\"http:\/\/www.gandia.es\/aytg\/web_php\/index.php?lang=10\"><strong>Ajuntament de Gandia<\/strong><\/a>, l\u2019\u00c0rea d\u2019<a href=\"http:\/\/cultura.upv.es\/portada\/val\/index.html\"><strong>Activitats Culturals de la UPV<\/strong><\/a>, <a href=\"http:\/\/www.turisme.gva.es\/opencms\/opencms\/turisme\/va\/index.jsp\"><strong>Turisme Comunitat Valenciana<\/strong><\/a> i els restaurants de Gandia i la Safor que participen en cada edici\u00f3.<\/p>\n<p>Per al seu desenvolupament es compta amb especialistes en <strong>narrativa audiovisual<\/strong> que presenten i analitzen els films seleccionats. Pel\u00b7l\u00edcules totes elles en les quals un plat, un ingredient, una recepta, una beguda o una t\u00e8cnica de cuina s\u00f3n protagonistes.<\/p>\n<p><a href=\"https:\/\/bocadosdecine.webs.upv.es\/val\/bocados-de-cine-es-reinventa-per-a-continuar-acostant-el-millor-del-cinema-i-la-gastronomia-amb-les-seues-receptes-de-pel%c2%b7licula-2\/\"><img fetchpriority=\"high\" decoding=\"async\" class=\"wp-image-4670 aligncenter\" src=\"https:\/\/bocadosdecine.webs.upv.es\/wp-content\/uploads\/2020\/12\/Bocados2020-portada-final-val-1024x565.jpg\" alt=\"\" width=\"924\" height=\"510\" srcset=\"https:\/\/bocadosdecine.webs.upv.es\/wp-content\/uploads\/2020\/12\/Bocados2020-portada-final-val-1024x565.jpg 1024w, https:\/\/bocadosdecine.webs.upv.es\/wp-content\/uploads\/2020\/12\/Bocados2020-portada-final-val-300x165.jpg 300w, https:\/\/bocadosdecine.webs.upv.es\/wp-content\/uploads\/2020\/12\/Bocados2020-portada-final-val-768x423.jpg 768w, https:\/\/bocadosdecine.webs.upv.es\/wp-content\/uploads\/2020\/12\/Bocados2020-portada-final-val-1536x847.jpg 1536w, https:\/\/bocadosdecine.webs.upv.es\/wp-content\/uploads\/2020\/12\/Bocados2020-portada-final-val-2048x1129.jpg 2048w\" sizes=\"(max-width: 924px) 100vw, 924px\" \/><\/a><\/p>\n<p style=\"text-align: center;\"><a href=\"https:\/\/bocadosdecine.webs.upv.es\/val\/bocados-de-cine-es-reinventa-per-a-continuar-acostant-el-millor-del-cinema-i-la-gastronomia-amb-les-seues-receptes-de-pel%c2%b7licula-2\/\"><em>Ja en marxa la VIII edici\u00f3 especial &#8220;Receptes de pel\u00b7l\u00edcula&#8221;.<\/em><\/a><\/p>\n<p>Despr\u00e9s del visionat i el seu posterior debat, els assistents inscrits a la part gastron\u00f2mica degustaran un men\u00fa elaborat per <strong>experts cuiners<\/strong> que explicaran les caracter\u00edstiques de la cultura gastron\u00f2mica representada en cada pel\u00b7l\u00edcula i les t\u00e8cniques de cuina emprades per a confeccionar els diferents plats del men\u00fa.<\/p>\n<p><iframe title=\"Bocados de Cine al programa FilmoRetrats d&#039;\u00c0 Punt\" width=\"800\" height=\"450\" src=\"https:\/\/www.youtube.com\/embed\/xG1TOBcKkQQ?feature=oembed\" frameborder=\"0\" allow=\"accelerometer; autoplay; clipboard-write; encrypted-media; gyroscope; picture-in-picture; web-share\" allowfullscreen><\/iframe><\/p>\n<p style=\"text-align: center;\"><em>Participaci\u00f3 de Bocados de Cine en el programa Filmoretrats d\u2019\u00c0 Punt.<\/em><\/p>\n<p><span style=\"color: #333333;\"><span style=\"font-family: Open Sans, sans-serif;\"><span style=\"font-size: medium;\"><br \/>\nEXPERI\u00c8NCIES GASTRON\u00d2MIQUES\/CINEMATOGR\u00c0FIQUES<\/span><\/span><\/span><\/p>\n<p>Gr\u00e0cies a la col\u00b7laboraci\u00f3 de l\u2019<a href=\"http:\/\/www.gandia.es\/aytg\/web_php\/index.php?lang=10\"><strong>Ajuntament de Gandia<\/strong><\/a>, les <strong>pel\u00b7l\u00edcules<\/strong> es visualitzen \u00edntegrament en el <a href=\"https:\/\/www.facebook.com\/teatreserrano\/\"><strong>Teatre Serrano<\/strong><\/a> en sessions <strong>obertes<\/strong> a qualsevol interessat.<\/p>\n<p><a href=\"https:\/\/bocadosdecine.webs.upv.es\/wp-content\/uploads\/2019\/03\/casa-manolo-figura-cocinero.jpg\"><img decoding=\"async\" class=\"alignnone size-large wp-image-1283\" src=\"https:\/\/bocadosdecine.webs.upv.es\/wp-content\/uploads\/2019\/03\/casa-manolo-figura-cocinero-1024x576.jpg\" alt=\"\" width=\"660\" height=\"371\" srcset=\"https:\/\/bocadosdecine.webs.upv.es\/wp-content\/uploads\/2019\/03\/casa-manolo-figura-cocinero.jpg 1024w, https:\/\/bocadosdecine.webs.upv.es\/wp-content\/uploads\/2019\/03\/casa-manolo-figura-cocinero-300x169.jpg 300w, https:\/\/bocadosdecine.webs.upv.es\/wp-content\/uploads\/2019\/03\/casa-manolo-figura-cocinero-768x432.jpg 768w, https:\/\/bocadosdecine.webs.upv.es\/wp-content\/uploads\/2019\/03\/casa-manolo-figura-cocinero-700x393.jpg 700w\" sizes=\"(max-width: 660px) 100vw, 660px\" \/><\/a><\/p>\n<p>PROJECCIONS DE LES PEL\u00b7L\u00cdCULES I SESSIONS DE CUINA<\/p>\n<p>Les <strong>projeccions<\/strong> de les pel\u00b7l\u00edcules tenen <strong>entrada gratu\u00efta<\/strong>, mentre que per a participar <strong>en la iniciativa gastron\u00f2mica<\/strong> \u00e9s <strong>necess\u00e0ria la inscripci\u00f3 pr\u00e8via<\/strong> -\u00e9s possible inscriure&#8217;s a cada sessi\u00f3 independentment o a totes alhora. En tots dos casos, <strong>l&#8217;aforament \u00e9s limitat<\/strong>.<\/p>\n<p>OBJECTIUS DE LES JORNADES<\/p>\n<ul>\n<li>Acostar al p\u00fablic en general la cultura gastron\u00f2mica, tur\u00edstica i cinematogr\u00e0fica a trav\u00e9s de diferents sessions en les quals s&#8217;analitzen pel\u00b7l\u00edcules amb un gran component gastron\u00f2mic.<\/li>\n<li>Con\u00e9ixer en profunditat com es treballen els ingredients i receptes vistes en les obres gr\u00e0cies al treball de cuiners i especialistes gastron\u00f2mics i tur\u00edstics.<\/li>\n<li>Oferir i treballar eines i conceptes de narrativa i t\u00e8cnica audiovisual per a poder analitzar en major profunditat els relats f\u00edlmics.<\/li>\n<\/ul>\n<p><a href=\"https:\/\/bocadosdecine.webs.upv.es\/val\/viiiedicio\/\">Ja en marxa la VIII edici\u00f3 especial &#8220;Receptes de pel\u00b7l\u00edcula&#8221;.<\/a><\/p>\n","protected":false},"excerpt":{"rendered":"<p>Bocados de Cine s\u00f3n unes jornades en les quals el cinema i la gastronomia van de la m\u00e0 per a oferir un complet programa de projeccions cinematogr\u00e0fiques, debats, i degustacions. Estan organitzades pel Campus de Gandia de la UPV i Diez y Diez Comunicaci\u00f3n i compten amb la col\u00b7laboraci\u00f3 de la C\u00e0tedra Gandia Turisme Intel\u00b7ligent, [&hellip;]<\/p>\n","protected":false},"author":23,"featured_media":0,"parent":0,"menu_order":0,"comment_status":"closed","ping_status":"closed","template":"","meta":{"footnotes":""},"class_list":["post-1410","page","type-page","status-publish","hentry"],"yoast_head":"<!-- This site is optimized with the Yoast SEO plugin v27.3 - https:\/\/yoast.com\/product\/yoast-seo-wordpress\/ -->\n<title>Jornades sobre cinema i gastronomia del Campus de Gandia Universitat Polit\u00e8cnica de Val\u00e8ncia - Bocados de Cine<\/title>\n<meta name=\"description\" content=\"Jornadas sobre cine y gastronom\u00eda del Campus de Gandia de la Universitat Polit\u00e8cnica de Val\u00e8ncia.\" \/>\n<meta name=\"robots\" content=\"index, follow, max-snippet:-1, max-image-preview:large, max-video-preview:-1\" \/>\n<link rel=\"canonical\" href=\"https:\/\/bocadosdecine.webs.upv.es\/val\/en-que-consiste\/\" \/>\n<meta property=\"og:locale\" content=\"en_US\" \/>\n<meta property=\"og:type\" content=\"article\" \/>\n<meta property=\"og:title\" content=\"Jornades sobre cinema i gastronomia del Campus de Gandia Universitat Polit\u00e8cnica de Val\u00e8ncia - Bocados de Cine\" \/>\n<meta property=\"og:description\" content=\"Jornadas sobre cine y gastronom\u00eda del Campus de Gandia de la Universitat Polit\u00e8cnica de Val\u00e8ncia.\" \/>\n<meta property=\"og:url\" content=\"https:\/\/bocadosdecine.webs.upv.es\/val\/en-que-consiste\/\" \/>\n<meta property=\"og:site_name\" content=\"Bocados de Cine\" \/>\n<meta property=\"article:modified_time\" content=\"2021-01-26T09:37:37+00:00\" \/>\n<meta property=\"og:image\" content=\"https:\/\/bocadosdecine.webs.upv.es\/wp-content\/uploads\/2020\/12\/Bocados2020-portada-final-val-1024x565.jpg\" \/>\n<meta name=\"twitter:card\" content=\"summary_large_image\" \/>\n<meta name=\"twitter:label1\" content=\"Est. reading time\" \/>\n\t<meta name=\"twitter:data1\" content=\"2 minutes\" \/>\n<script type=\"application\/ld+json\" class=\"yoast-schema-graph\">{\"@context\":\"https:\\\/\\\/schema.org\",\"@graph\":[{\"@type\":\"WebPage\",\"@id\":\"https:\\\/\\\/bocadosdecine.webs.upv.es\\\/val\\\/en-que-consiste\\\/\",\"url\":\"https:\\\/\\\/bocadosdecine.webs.upv.es\\\/val\\\/en-que-consiste\\\/\",\"name\":\"Jornades sobre cinema i gastronomia del Campus de Gandia Universitat Polit\u00e8cnica de Val\u00e8ncia - Bocados de Cine\",\"isPartOf\":{\"@id\":\"https:\\\/\\\/bocadosdecine.webs.upv.es\\\/#website\"},\"primaryImageOfPage\":{\"@id\":\"https:\\\/\\\/bocadosdecine.webs.upv.es\\\/val\\\/en-que-consiste\\\/#primaryimage\"},\"image\":{\"@id\":\"https:\\\/\\\/bocadosdecine.webs.upv.es\\\/val\\\/en-que-consiste\\\/#primaryimage\"},\"thumbnailUrl\":\"https:\\\/\\\/bocadosdecine.webs.upv.es\\\/wp-content\\\/uploads\\\/2020\\\/12\\\/Bocados2020-portada-final-val-1024x565.jpg\",\"datePublished\":\"2019-03-25T17:10:46+00:00\",\"dateModified\":\"2021-01-26T09:37:37+00:00\",\"description\":\"Jornadas sobre cine y gastronom\u00eda del Campus de Gandia de la Universitat Polit\u00e8cnica de Val\u00e8ncia.\",\"breadcrumb\":{\"@id\":\"https:\\\/\\\/bocadosdecine.webs.upv.es\\\/val\\\/en-que-consiste\\\/#breadcrumb\"},\"inLanguage\":\"val\",\"potentialAction\":[{\"@type\":\"ReadAction\",\"target\":[\"https:\\\/\\\/bocadosdecine.webs.upv.es\\\/val\\\/en-que-consiste\\\/\"]}]},{\"@type\":\"ImageObject\",\"inLanguage\":\"val\",\"@id\":\"https:\\\/\\\/bocadosdecine.webs.upv.es\\\/val\\\/en-que-consiste\\\/#primaryimage\",\"url\":\"https:\\\/\\\/bocadosdecine.webs.upv.es\\\/wp-content\\\/uploads\\\/2020\\\/12\\\/Bocados2020-portada-final-val-1024x565.jpg\",\"contentUrl\":\"https:\\\/\\\/bocadosdecine.webs.upv.es\\\/wp-content\\\/uploads\\\/2020\\\/12\\\/Bocados2020-portada-final-val-1024x565.jpg\"},{\"@type\":\"BreadcrumbList\",\"@id\":\"https:\\\/\\\/bocadosdecine.webs.upv.es\\\/val\\\/en-que-consiste\\\/#breadcrumb\",\"itemListElement\":[{\"@type\":\"ListItem\",\"position\":1,\"name\":\"Portada\",\"item\":\"https:\\\/\\\/bocadosdecine.webs.upv.es\\\/\"},{\"@type\":\"ListItem\",\"position\":2,\"name\":\"Jornades sobre cinema i gastronomia del Campus de Gandia Universitat Polit\u00e8cnica de Val\u00e8ncia\"}]},{\"@type\":\"WebSite\",\"@id\":\"https:\\\/\\\/bocadosdecine.webs.upv.es\\\/#website\",\"url\":\"https:\\\/\\\/bocadosdecine.webs.upv.es\\\/\",\"name\":\"Bocados de Cine\",\"description\":\"Jornadas sobre cine y gastronom\u00eda en el Campus de Gandia\",\"potentialAction\":[{\"@type\":\"SearchAction\",\"target\":{\"@type\":\"EntryPoint\",\"urlTemplate\":\"https:\\\/\\\/bocadosdecine.webs.upv.es\\\/?s={search_term_string}\"},\"query-input\":{\"@type\":\"PropertyValueSpecification\",\"valueRequired\":true,\"valueName\":\"search_term_string\"}}],\"inLanguage\":\"val\"}]}<\/script>\n<!-- \/ Yoast SEO plugin. -->","yoast_head_json":{"title":"Jornades sobre cinema i gastronomia del Campus de Gandia Universitat Polit\u00e8cnica de Val\u00e8ncia - Bocados de Cine","description":"Jornadas sobre cine y gastronom\u00eda del Campus de Gandia de la Universitat Polit\u00e8cnica de Val\u00e8ncia.","robots":{"index":"index","follow":"follow","max-snippet":"max-snippet:-1","max-image-preview":"max-image-preview:large","max-video-preview":"max-video-preview:-1"},"canonical":"https:\/\/bocadosdecine.webs.upv.es\/val\/en-que-consiste\/","og_locale":"en_US","og_type":"article","og_title":"Jornades sobre cinema i gastronomia del Campus de Gandia Universitat Polit\u00e8cnica de Val\u00e8ncia - Bocados de Cine","og_description":"Jornadas sobre cine y gastronom\u00eda del Campus de Gandia de la Universitat Polit\u00e8cnica de Val\u00e8ncia.","og_url":"https:\/\/bocadosdecine.webs.upv.es\/val\/en-que-consiste\/","og_site_name":"Bocados de Cine","article_modified_time":"2021-01-26T09:37:37+00:00","og_image":[{"url":"https:\/\/bocadosdecine.webs.upv.es\/wp-content\/uploads\/2020\/12\/Bocados2020-portada-final-val-1024x565.jpg","type":"","width":"","height":""}],"twitter_card":"summary_large_image","twitter_misc":{"Est. reading time":"2 minutes"},"schema":{"@context":"https:\/\/schema.org","@graph":[{"@type":"WebPage","@id":"https:\/\/bocadosdecine.webs.upv.es\/val\/en-que-consiste\/","url":"https:\/\/bocadosdecine.webs.upv.es\/val\/en-que-consiste\/","name":"Jornades sobre cinema i gastronomia del Campus de Gandia Universitat Polit\u00e8cnica de Val\u00e8ncia - Bocados de Cine","isPartOf":{"@id":"https:\/\/bocadosdecine.webs.upv.es\/#website"},"primaryImageOfPage":{"@id":"https:\/\/bocadosdecine.webs.upv.es\/val\/en-que-consiste\/#primaryimage"},"image":{"@id":"https:\/\/bocadosdecine.webs.upv.es\/val\/en-que-consiste\/#primaryimage"},"thumbnailUrl":"https:\/\/bocadosdecine.webs.upv.es\/wp-content\/uploads\/2020\/12\/Bocados2020-portada-final-val-1024x565.jpg","datePublished":"2019-03-25T17:10:46+00:00","dateModified":"2021-01-26T09:37:37+00:00","description":"Jornadas sobre cine y gastronom\u00eda del Campus de Gandia de la Universitat Polit\u00e8cnica de Val\u00e8ncia.","breadcrumb":{"@id":"https:\/\/bocadosdecine.webs.upv.es\/val\/en-que-consiste\/#breadcrumb"},"inLanguage":"val","potentialAction":[{"@type":"ReadAction","target":["https:\/\/bocadosdecine.webs.upv.es\/val\/en-que-consiste\/"]}]},{"@type":"ImageObject","inLanguage":"val","@id":"https:\/\/bocadosdecine.webs.upv.es\/val\/en-que-consiste\/#primaryimage","url":"https:\/\/bocadosdecine.webs.upv.es\/wp-content\/uploads\/2020\/12\/Bocados2020-portada-final-val-1024x565.jpg","contentUrl":"https:\/\/bocadosdecine.webs.upv.es\/wp-content\/uploads\/2020\/12\/Bocados2020-portada-final-val-1024x565.jpg"},{"@type":"BreadcrumbList","@id":"https:\/\/bocadosdecine.webs.upv.es\/val\/en-que-consiste\/#breadcrumb","itemListElement":[{"@type":"ListItem","position":1,"name":"Portada","item":"https:\/\/bocadosdecine.webs.upv.es\/"},{"@type":"ListItem","position":2,"name":"Jornades sobre cinema i gastronomia del Campus de Gandia Universitat Polit\u00e8cnica de Val\u00e8ncia"}]},{"@type":"WebSite","@id":"https:\/\/bocadosdecine.webs.upv.es\/#website","url":"https:\/\/bocadosdecine.webs.upv.es\/","name":"Bocados de Cine","description":"Jornadas sobre cine y gastronom\u00eda en el Campus de Gandia","potentialAction":[{"@type":"SearchAction","target":{"@type":"EntryPoint","urlTemplate":"https:\/\/bocadosdecine.webs.upv.es\/?s={search_term_string}"},"query-input":{"@type":"PropertyValueSpecification","valueRequired":true,"valueName":"search_term_string"}}],"inLanguage":"val"}]}},"_links":{"self":[{"href":"https:\/\/bocadosdecine.webs.upv.es\/val\/wp-json\/wp\/v2\/pages\/1410","targetHints":{"allow":["GET"]}}],"collection":[{"href":"https:\/\/bocadosdecine.webs.upv.es\/val\/wp-json\/wp\/v2\/pages"}],"about":[{"href":"https:\/\/bocadosdecine.webs.upv.es\/val\/wp-json\/wp\/v2\/types\/page"}],"author":[{"embeddable":true,"href":"https:\/\/bocadosdecine.webs.upv.es\/val\/wp-json\/wp\/v2\/users\/23"}],"replies":[{"embeddable":true,"href":"https:\/\/bocadosdecine.webs.upv.es\/val\/wp-json\/wp\/v2\/comments?post=1410"}],"version-history":[{"count":10,"href":"https:\/\/bocadosdecine.webs.upv.es\/val\/wp-json\/wp\/v2\/pages\/1410\/revisions"}],"predecessor-version":[{"id":4741,"href":"https:\/\/bocadosdecine.webs.upv.es\/val\/wp-json\/wp\/v2\/pages\/1410\/revisions\/4741"}],"wp:attachment":[{"href":"https:\/\/bocadosdecine.webs.upv.es\/val\/wp-json\/wp\/v2\/media?parent=1410"}],"curies":[{"name":"wp","href":"https:\/\/api.w.org\/{rel}","templated":true}]}}