{"id":4460,"date":"2019-11-13T18:20:52","date_gmt":"2019-11-13T17:20:52","guid":{"rendered":"http:\/\/www.bocadosdecine.com\/inscripcio-i-contacte\/"},"modified":"2020-12-11T10:35:40","modified_gmt":"2020-12-11T09:35:40","slug":"bocados-de-cine-es-reinventa","status":"publish","type":"page","link":"https:\/\/bocadosdecine.webs.upv.es\/val\/bocados-de-cine-es-reinventa\/","title":{"rendered":"VIII EDICI\u00d3"},"content":{"rendered":"<h3><strong>Bocados de Cine es reinventa per a continuar acostant el millor del cinema i la gastronomia amb les seues \u2018Receptes de pel\u00b7l\u00edcula\u2019<\/strong><\/h3>\n<p>El <strong>Campus de Gandia de la Universitat Polit\u00e8cnica de Val\u00e8ncia,<\/strong> amb la col\u00b7laboraci\u00f3 de l&#8217;<strong>Ajuntament de Gandia<\/strong> i restaurants de la ciutat, organitza la huitena edici\u00f3 de <a href=\"https:\/\/bocadosdecine.webs.upv.es\/val\"><strong>Bocados de Cine<\/strong><\/a>, que enguany continuar\u00e0 acostant el millor de la gastronomia i el cinema gr\u00e0cies a les v\u00eddeo receptes elaborades per grans professionals de la cuina.<\/p>\n<p><a href=\"https:\/\/bocadosdecine.webs.upv.es\/wp-content\/uploads\/2020\/12\/Presentacio\u0301n-Bocados-de-Cine-2020.jpg\"><img fetchpriority=\"high\" decoding=\"async\" class=\"wp-image-4635 aligncenter\" src=\"https:\/\/bocadosdecine.webs.upv.es\/wp-content\/uploads\/2020\/12\/Presentacio\u0301n-Bocados-de-Cine-2020-1024x714.jpg\" alt=\"\" width=\"792\" height=\"552\" srcset=\"https:\/\/bocadosdecine.webs.upv.es\/wp-content\/uploads\/2020\/12\/Presentacio\u0301n-Bocados-de-Cine-2020-1024x714.jpg 1024w, https:\/\/bocadosdecine.webs.upv.es\/wp-content\/uploads\/2020\/12\/Presentacio\u0301n-Bocados-de-Cine-2020-300x209.jpg 300w, https:\/\/bocadosdecine.webs.upv.es\/wp-content\/uploads\/2020\/12\/Presentacio\u0301n-Bocados-de-Cine-2020-768x535.jpg 768w, https:\/\/bocadosdecine.webs.upv.es\/wp-content\/uploads\/2020\/12\/Presentacio\u0301n-Bocados-de-Cine-2020-1536x1071.jpg 1536w, https:\/\/bocadosdecine.webs.upv.es\/wp-content\/uploads\/2020\/12\/Presentacio\u0301n-Bocados-de-Cine-2020.jpg 1772w\" sizes=\"(max-width: 792px) 100vw, 792px\" \/><\/a><\/p>\n<p>A trav\u00e9s del <a href=\"https:\/\/www.youtube.com\/channel\/UCppIt_i6G2RSMny-HVZ093g\"><strong>canal de YouTube<\/strong><\/a> de Bocados de Cine i de les <strong>xarxes socials<\/strong> es podran seguir les <strong>\u2018Receptes de pel\u00b7l\u00edcula\u2019<\/strong> que prepararan els cuiners i cuineres dels restaurants participants. En aquests v\u00eddeos s&#8217;explicar\u00e0 pas a pas com elaborar els grans plats que es poden veure en pel\u00b7l\u00edcules seleccionades on la cuina i la gastronomia s\u00f3n les protagonistes. A m\u00e9s, en aquests v\u00eddeos tamb\u00e9 s&#8217;entrevista als responsables de cada restaurant per a con\u00e9ixer la hist\u00f2ria vital i professional que hi ha darrere de cada cuina. En la web <a href=\"https:\/\/bocadosdecine.webs.upv.es\/val\">www.bocadosdecine.com<\/a> es pot ampliar la informaci\u00f3.<\/p>\n<p>En la seua huitena edici\u00f3, Bocados de Cine comptar\u00e0 amb la col\u00b7laboraci\u00f3 dels restaurants <strong>SaboreArte<\/strong> (que elaboraran una recepta basada en la pel\u00b7l\u00edcula <em>La cocinera del presidente<\/em> i que es podr\u00e0 veure a partir de dem\u00e0 dia 11 de desembre), <strong>Almar<\/strong> (que interpretar\u00e0 un plat del film <em>Vatel<\/em> al gener de 2021), <strong>Fusta<\/strong> (que far\u00e0 la seua recepta de pel\u00b7l\u00edcula sobre <em>Chocolat<\/em> al febrer de 2021) i <strong>Casa Manolo<\/strong> (que cuinar\u00e0 <em>Ratatouille<\/em> al mar\u00e7 del 2021).<\/p>\n<p>E<a href=\"https:\/\/bocadosdecine.webs.upv.es\/wp-content\/uploads\/2020\/12\/cartel_bocados-de_cine_-2020-cast-scaled.jpg\"><img decoding=\"async\" class=\"wp-image-4632 alignright\" src=\"https:\/\/bocadosdecine.webs.upv.es\/wp-content\/uploads\/2020\/12\/cartel_bocados-de_cine_-2020-cast-724x1024.jpg\" alt=\"\" width=\"484\" height=\"685\" srcset=\"https:\/\/bocadosdecine.webs.upv.es\/wp-content\/uploads\/2020\/12\/cartel_bocados-de_cine_-2020-cast-724x1024.jpg 724w, https:\/\/bocadosdecine.webs.upv.es\/wp-content\/uploads\/2020\/12\/cartel_bocados-de_cine_-2020-cast-212x300.jpg 212w, https:\/\/bocadosdecine.webs.upv.es\/wp-content\/uploads\/2020\/12\/cartel_bocados-de_cine_-2020-cast-768x1086.jpg 768w, https:\/\/bocadosdecine.webs.upv.es\/wp-content\/uploads\/2020\/12\/cartel_bocados-de_cine_-2020-cast-1086x1536.jpg 1086w, https:\/\/bocadosdecine.webs.upv.es\/wp-content\/uploads\/2020\/12\/cartel_bocados-de_cine_-2020-cast-1448x2048.jpg 1448w, https:\/\/bocadosdecine.webs.upv.es\/wp-content\/uploads\/2020\/12\/cartel_bocados-de_cine_-2020-cast-scaled.jpg 1810w\" sizes=\"(max-width: 484px) 100vw, 484px\" \/><\/a>n paraules de <strong>Vicent Mascarell<\/strong>, regidor de Turisme de Gandia, Bocados de Cine suposa \u201cuna magn\u00edfica oportunitat de con\u00e9ixer la nostra gastronomia de manera amena a trav\u00e9s del cinema\u201d. Mascarell va voler \u201cagrair\u201d a tots aquells que des de la universitat i la restauraci\u00f3 s&#8217;han adherit a aquesta iniciativa i va recordar que \u201cdes de l&#8217;Ajuntament de Gandia continuem posant en valor l&#8217;\u00e0mplia i diversa gastronomia que tenim aix\u00ed com la capacitat d&#8217;innovaci\u00f3 que el Campus de Gandia t\u00e9 en Turisme amb iniciatives com a Bocados de Cine\u201d.<\/p>\n<p>Segons <strong>Lola Teruel,<\/strong> responsable de Bocados de Cine, assegura que l&#8217;originalitat d&#8217;aquesta edici\u00f3, \u00e9s que \u201cara els aficionats i seguidors de Bocados de Cine, podran descobrir com es fan els plats estreles de les pel\u00b7l\u00edcules seleccionades i elaborar-los ells mateix a les seues cases\u201d. \u201cEn aquest any tan diferent que estem vivint ens reinventem. Hem trobat una f\u00f3rmula que ens dona l&#8217;oportunitat de continuar aprenent sobre cinema i gastronomia; i que millor manera de fer-ho que entrant en les cuines de grans restaurants de Gandia\u201d, assegura la professora i investigadora en Turisme.<\/p>\n<p>La consolidaci\u00f3 d&#8217;aquesta activitat es deu a l&#8217;\u00e8xit amb el qual ha comptat des de la seua creaci\u00f3, suscitant un gran inter\u00e9s per part d&#8217;aficionats i dels propis restaurants participants, que s&#8217;han acostat a la finestra que Bocados de Cine presenta per a donar a con\u00e9ixer l&#8217;art de la cuina a trav\u00e9s de la pantalla gran.<\/p>\n<p>En opini\u00f3 de <strong>Roc\u00edo Corts<\/strong>, del restaurant SaboreArte, \u201cen aquest any tan especial, ens sembla molt interessant que Bocados de Cine innove per a continuar unint i donant suport a l&#8217;hostaleria de la ciutat\u201d. <strong>Pep Sol\u00e0<\/strong>, cuiner de Fusta, \u201cens fa molta il\u00b7lusi\u00f3 participar en aquest projecte perqu\u00e8 estimem el cinema i estimem la gastronomia; i el fet que les dos s&#8217;ajunten en Bocados de Cine ens encanta\u201d.<\/p>\n<p>A m\u00e9s, i gr\u00e0cies al departament de Turisme de Gandia, se sortejar\u00e0 cada mes un menjar per a dues persones en el restaurant corresponent. Podran participar en aquest sorteig els usuaris que interactuen en les publicacions de les v\u00eddeo receptes de Bocados de Cine que far\u00e0 Visit Gandia en els seus canals d&#8217;<a href=\"https:\/\/www.instagram.com\/visitgandia\/\">Instagram<\/a> y <a href=\"https:\/\/www.facebook.com\/visitgandia\">Facebook<\/a>. M\u00e9s informaci\u00f3 sobre el sorteig en <a href=\"http:\/\/www.visitgandia.com\">http:\/\/www.visitgandia.com<\/a><\/p>\n<p><span class=\"hiddenGrammarError\" style=\"padding-bottom: 2px; background-image: url('..\/..\/..\/..\/..\/images\/squiggle.png'); background-repeat: repeat-x; background-position: left bottom; vertical-align: text-top; cursor: default; color: #000000; font-family: Verdana, Arial, Helvetica, sans-serif; font-size: 12px; font-style: normal; font-variant-ligatures: normal; font-variant-caps: normal; font-weight: 400; letter-spacing: normal; orphans: 2; text-align: start; text-indent: 0px; text-transform: none; white-space: normal; widows: 2; word-spacing: 0px; -webkit-text-stroke-width: 0px; background-color: #f7f7f7; text-decoration-style: initial; text-decoration-color: initial;\">&nbsp;<\/span><\/p>\n\n\n<p><\/p>\n","protected":false},"excerpt":{"rendered":"<p>Bocados de Cine es reinventa per a continuar acostant el millor del cinema i la gastronomia amb les seues \u2018Receptes de pel\u00b7l\u00edcula\u2019 El Campus de Gandia de la Universitat Polit\u00e8cnica de Val\u00e8ncia, amb la col\u00b7laboraci\u00f3 de l&#8217;Ajuntament de Gandia i restaurants de la ciutat, organitza la huitena edici\u00f3 de Bocados de Cine, que enguany continuar\u00e0 [&hellip;]<\/p>\n","protected":false},"author":23,"featured_media":4670,"parent":0,"menu_order":3,"comment_status":"closed","ping_status":"closed","template":"","meta":{"footnotes":""},"class_list":["post-4460","page","type-page","status-publish","has-post-thumbnail","hentry"],"yoast_head":"<!-- This site is optimized with the Yoast SEO plugin v27.3 - https:\/\/yoast.com\/product\/yoast-seo-wordpress\/ -->\n<title>VIII EDICI\u00d3 - Bocados de Cine<\/title>\n<meta name=\"description\" content=\"inscripcio i contacte\" \/>\n<meta name=\"robots\" content=\"index, follow, max-snippet:-1, max-image-preview:large, max-video-preview:-1\" \/>\n<link rel=\"canonical\" href=\"https:\/\/bocadosdecine.webs.upv.es\/bocados-de-cine-se-reinventa\/\" \/>\n<meta property=\"og:locale\" content=\"en_US\" \/>\n<meta property=\"og:type\" content=\"article\" \/>\n<meta property=\"og:title\" content=\"VIII EDICI\u00d3 - Bocados de Cine\" \/>\n<meta property=\"og:description\" content=\"inscripcio i contacte\" \/>\n<meta property=\"og:url\" content=\"https:\/\/bocadosdecine.webs.upv.es\/bocados-de-cine-se-reinventa\/\" \/>\n<meta property=\"og:site_name\" content=\"Bocados de Cine\" \/>\n<meta property=\"article:modified_time\" content=\"2020-12-11T09:35:40+00:00\" \/>\n<meta property=\"og:image\" content=\"https:\/\/bocadosdecine.webs.upv.es\/wp-content\/uploads\/2020\/12\/Bocados2020-portada-final-val-scaled.jpg\" \/>\n\t<meta property=\"og:image:width\" content=\"2560\" \/>\n\t<meta property=\"og:image:height\" content=\"1411\" \/>\n\t<meta property=\"og:image:type\" content=\"image\/jpeg\" \/>\n<meta name=\"twitter:card\" content=\"summary_large_image\" \/>\n<meta name=\"twitter:label1\" content=\"Est. reading time\" \/>\n\t<meta name=\"twitter:data1\" content=\"3 minutes\" \/>\n<script type=\"application\/ld+json\" class=\"yoast-schema-graph\">{\"@context\":\"https:\\\/\\\/schema.org\",\"@graph\":[{\"@type\":\"WebPage\",\"@id\":\"https:\\\/\\\/bocadosdecine.webs.upv.es\\\/bocados-de-cine-se-reinventa\\\/\",\"url\":\"https:\\\/\\\/bocadosdecine.webs.upv.es\\\/bocados-de-cine-se-reinventa\\\/\",\"name\":\"VIII EDICI\u00d3 - Bocados de Cine\",\"isPartOf\":{\"@id\":\"https:\\\/\\\/bocadosdecine.webs.upv.es\\\/#website\"},\"primaryImageOfPage\":{\"@id\":\"https:\\\/\\\/bocadosdecine.webs.upv.es\\\/bocados-de-cine-se-reinventa\\\/#primaryimage\"},\"image\":{\"@id\":\"https:\\\/\\\/bocadosdecine.webs.upv.es\\\/bocados-de-cine-se-reinventa\\\/#primaryimage\"},\"thumbnailUrl\":\"https:\\\/\\\/bocadosdecine.webs.upv.es\\\/wp-content\\\/uploads\\\/2020\\\/12\\\/Bocados2020-portada-final-val-scaled.jpg\",\"datePublished\":\"2019-11-13T17:20:52+00:00\",\"dateModified\":\"2020-12-11T09:35:40+00:00\",\"description\":\"inscripcio i contacte\",\"breadcrumb\":{\"@id\":\"https:\\\/\\\/bocadosdecine.webs.upv.es\\\/bocados-de-cine-se-reinventa\\\/#breadcrumb\"},\"inLanguage\":\"val\",\"potentialAction\":[{\"@type\":\"ReadAction\",\"target\":[\"https:\\\/\\\/bocadosdecine.webs.upv.es\\\/bocados-de-cine-se-reinventa\\\/\"]}]},{\"@type\":\"ImageObject\",\"inLanguage\":\"val\",\"@id\":\"https:\\\/\\\/bocadosdecine.webs.upv.es\\\/bocados-de-cine-se-reinventa\\\/#primaryimage\",\"url\":\"https:\\\/\\\/bocadosdecine.webs.upv.es\\\/wp-content\\\/uploads\\\/2020\\\/12\\\/Bocados2020-portada-final-val-scaled.jpg\",\"contentUrl\":\"https:\\\/\\\/bocadosdecine.webs.upv.es\\\/wp-content\\\/uploads\\\/2020\\\/12\\\/Bocados2020-portada-final-val-scaled.jpg\",\"width\":2560,\"height\":1411},{\"@type\":\"BreadcrumbList\",\"@id\":\"https:\\\/\\\/bocadosdecine.webs.upv.es\\\/bocados-de-cine-se-reinventa\\\/#breadcrumb\",\"itemListElement\":[{\"@type\":\"ListItem\",\"position\":1,\"name\":\"Portada\",\"item\":\"https:\\\/\\\/bocadosdecine.webs.upv.es\\\/\"},{\"@type\":\"ListItem\",\"position\":2,\"name\":\"VIII EDICI\u00d3\"}]},{\"@type\":\"WebSite\",\"@id\":\"https:\\\/\\\/bocadosdecine.webs.upv.es\\\/#website\",\"url\":\"https:\\\/\\\/bocadosdecine.webs.upv.es\\\/\",\"name\":\"Bocados de Cine\",\"description\":\"Jornadas sobre cine y gastronom\u00eda en el Campus de Gandia\",\"potentialAction\":[{\"@type\":\"SearchAction\",\"target\":{\"@type\":\"EntryPoint\",\"urlTemplate\":\"https:\\\/\\\/bocadosdecine.webs.upv.es\\\/?s={search_term_string}\"},\"query-input\":{\"@type\":\"PropertyValueSpecification\",\"valueRequired\":true,\"valueName\":\"search_term_string\"}}],\"inLanguage\":\"val\"}]}<\/script>\n<!-- \/ Yoast SEO plugin. -->","yoast_head_json":{"title":"VIII EDICI\u00d3 - Bocados de Cine","description":"inscripcio i contacte","robots":{"index":"index","follow":"follow","max-snippet":"max-snippet:-1","max-image-preview":"max-image-preview:large","max-video-preview":"max-video-preview:-1"},"canonical":"https:\/\/bocadosdecine.webs.upv.es\/bocados-de-cine-se-reinventa\/","og_locale":"en_US","og_type":"article","og_title":"VIII EDICI\u00d3 - Bocados de Cine","og_description":"inscripcio i contacte","og_url":"https:\/\/bocadosdecine.webs.upv.es\/bocados-de-cine-se-reinventa\/","og_site_name":"Bocados de Cine","article_modified_time":"2020-12-11T09:35:40+00:00","og_image":[{"width":2560,"height":1411,"url":"https:\/\/bocadosdecine.webs.upv.es\/wp-content\/uploads\/2020\/12\/Bocados2020-portada-final-val-scaled.jpg","type":"image\/jpeg"}],"twitter_card":"summary_large_image","twitter_misc":{"Est. reading time":"3 minutes"},"schema":{"@context":"https:\/\/schema.org","@graph":[{"@type":"WebPage","@id":"https:\/\/bocadosdecine.webs.upv.es\/bocados-de-cine-se-reinventa\/","url":"https:\/\/bocadosdecine.webs.upv.es\/bocados-de-cine-se-reinventa\/","name":"VIII EDICI\u00d3 - Bocados de Cine","isPartOf":{"@id":"https:\/\/bocadosdecine.webs.upv.es\/#website"},"primaryImageOfPage":{"@id":"https:\/\/bocadosdecine.webs.upv.es\/bocados-de-cine-se-reinventa\/#primaryimage"},"image":{"@id":"https:\/\/bocadosdecine.webs.upv.es\/bocados-de-cine-se-reinventa\/#primaryimage"},"thumbnailUrl":"https:\/\/bocadosdecine.webs.upv.es\/wp-content\/uploads\/2020\/12\/Bocados2020-portada-final-val-scaled.jpg","datePublished":"2019-11-13T17:20:52+00:00","dateModified":"2020-12-11T09:35:40+00:00","description":"inscripcio i contacte","breadcrumb":{"@id":"https:\/\/bocadosdecine.webs.upv.es\/bocados-de-cine-se-reinventa\/#breadcrumb"},"inLanguage":"val","potentialAction":[{"@type":"ReadAction","target":["https:\/\/bocadosdecine.webs.upv.es\/bocados-de-cine-se-reinventa\/"]}]},{"@type":"ImageObject","inLanguage":"val","@id":"https:\/\/bocadosdecine.webs.upv.es\/bocados-de-cine-se-reinventa\/#primaryimage","url":"https:\/\/bocadosdecine.webs.upv.es\/wp-content\/uploads\/2020\/12\/Bocados2020-portada-final-val-scaled.jpg","contentUrl":"https:\/\/bocadosdecine.webs.upv.es\/wp-content\/uploads\/2020\/12\/Bocados2020-portada-final-val-scaled.jpg","width":2560,"height":1411},{"@type":"BreadcrumbList","@id":"https:\/\/bocadosdecine.webs.upv.es\/bocados-de-cine-se-reinventa\/#breadcrumb","itemListElement":[{"@type":"ListItem","position":1,"name":"Portada","item":"https:\/\/bocadosdecine.webs.upv.es\/"},{"@type":"ListItem","position":2,"name":"VIII EDICI\u00d3"}]},{"@type":"WebSite","@id":"https:\/\/bocadosdecine.webs.upv.es\/#website","url":"https:\/\/bocadosdecine.webs.upv.es\/","name":"Bocados de Cine","description":"Jornadas sobre cine y gastronom\u00eda en el Campus de Gandia","potentialAction":[{"@type":"SearchAction","target":{"@type":"EntryPoint","urlTemplate":"https:\/\/bocadosdecine.webs.upv.es\/?s={search_term_string}"},"query-input":{"@type":"PropertyValueSpecification","valueRequired":true,"valueName":"search_term_string"}}],"inLanguage":"val"}]}},"_links":{"self":[{"href":"https:\/\/bocadosdecine.webs.upv.es\/val\/wp-json\/wp\/v2\/pages\/4460","targetHints":{"allow":["GET"]}}],"collection":[{"href":"https:\/\/bocadosdecine.webs.upv.es\/val\/wp-json\/wp\/v2\/pages"}],"about":[{"href":"https:\/\/bocadosdecine.webs.upv.es\/val\/wp-json\/wp\/v2\/types\/page"}],"author":[{"embeddable":true,"href":"https:\/\/bocadosdecine.webs.upv.es\/val\/wp-json\/wp\/v2\/users\/23"}],"replies":[{"embeddable":true,"href":"https:\/\/bocadosdecine.webs.upv.es\/val\/wp-json\/wp\/v2\/comments?post=4460"}],"version-history":[{"count":17,"href":"https:\/\/bocadosdecine.webs.upv.es\/val\/wp-json\/wp\/v2\/pages\/4460\/revisions"}],"predecessor-version":[{"id":4681,"href":"https:\/\/bocadosdecine.webs.upv.es\/val\/wp-json\/wp\/v2\/pages\/4460\/revisions\/4681"}],"wp:featuredmedia":[{"embeddable":true,"href":"https:\/\/bocadosdecine.webs.upv.es\/val\/wp-json\/wp\/v2\/media\/4670"}],"wp:attachment":[{"href":"https:\/\/bocadosdecine.webs.upv.es\/val\/wp-json\/wp\/v2\/media?parent=4460"}],"curies":[{"name":"wp","href":"https:\/\/api.w.org\/{rel}","templated":true}]}}